{"id":5733,"date":"2025-05-26T17:43:16","date_gmt":"2025-05-26T17:43:16","guid":{"rendered":"https:\/\/cddhnayarit.org\/en\/?page_id=5733"},"modified":"2025-09-03T17:18:27","modified_gmt":"2025-09-03T17:18:27","slug":"pronunciamientos","status":"publish","type":"page","link":"https:\/\/cddhnayarit.org\/en\/pronunciamientos\/","title":{"rendered":"pronunciamientos"},"content":{"rendered":"<p>[et_pb_section fb_built=\u00bb1&#8243; admin_label=\u00bbHero\u00bb _builder_version=\u00bb4.27.4&#8243; use_background_color_gradient=\u00bbon\u00bb background_color_gradient_direction=\u00bb9deg\u00bb background_color_gradient_stops=\u00bb#283d4b 0%|rgba(128,103,79,0.5) 62%\u00bb background_color_gradient_overlays_image=\u00bbon\u00bb background_color_gradient_start=\u00bb#283d4b\u00bb background_color_gradient_end=\u00bbrgba(128,103,79,0.5)\u00bb background_image=\u00bbhttps:\/\/cddhnayarit.org\/en\/wp-content\/uploads\/2025\/06\/Lienzo.jpg\u00bb custom_margin=\u00bb-19px||||false|false\u00bb custom_padding=\u00bb0vw||2px|||\u00bb bottom_divider_style=\u00bbwaves2&#8243; bottom_divider_color=\u00bb#c4c4c4&#8243; bottom_divider_height=\u00bb1vw\u00bb bottom_divider_repeat=\u00bb1x\u00bb bottom_divider_flip=\u00bbhorizontal\u00bb hover_enabled=\u00bb0&#8243; global_colors_info=\u00bb{}\u00bb sticky_enabled=\u00bb0&#8243;][et_pb_row _builder_version=\u00bb4.16&#8243; custom_margin=\u00bb|||\u00bb custom_padding=\u00bb3px|0px|0|0px|false|false\u00bb global_colors_info=\u00bb{}\u00bb][et_pb_column type=\u00bb4_4&#8243; _builder_version=\u00bb4.16&#8243; custom_padding=\u00bb|||\u00bb global_colors_info=\u00bb{}\u00bb custom_padding__hover=\u00bb|||\u00bb][et_pb_image src=\u00bbhttps:\/\/cddhnayarit.org\/en\/wp-content\/uploads\/2025\/05\/CDDHN_Variantes_alvaro-copia_Logo_Color_Horizontal_Azul.svg\u00bb title_text=\u00bbCDDHN_Variantes_alvaro copia_Logo_Color_Horizontal_Azul\u00bb align=\u00bbcenter\u00bb _builder_version=\u00bb4.27.4&#8243; _module_preset=\u00bbdefault\u00bb width=\u00bb100%\u00bb module_alignment=\u00bbcenter\u00bb custom_margin=\u00bb4px||10px||false|false\u00bb custom_padding=\u00bb||0px||false|false\u00bb global_colors_info=\u00bb{}\u00bb][\/et_pb_image][\/et_pb_column][\/et_pb_row][et_pb_row column_structure=\u00bb1_2,1_2&#8243; _builder_version=\u00bb4.16&#8243; custom_padding=\u00bb0|0px|27px|0px|false|false\u00bb locked=\u00bboff\u00bb global_colors_info=\u00bb{}\u00bb][et_pb_column type=\u00bb1_2&#8243; _builder_version=\u00bb4.16&#8243; custom_padding=\u00bb|||\u00bb global_colors_info=\u00bb{}\u00bb custom_padding__hover=\u00bb|||\u00bb][\/et_pb_column][et_pb_column type=\u00bb1_2&#8243; _builder_version=\u00bb4.16&#8243; custom_padding=\u00bb|||\u00bb global_colors_info=\u00bb{}\u00bb custom_padding__hover=\u00bb|||\u00bb][et_pb_button button_url=\u00bb@ET-DC@eyJkeW5hbWljIjp0cnVlLCJjb250ZW50IjoicG9zdF9saW5rX3VybF9wYWdlIiwic2V0dGluZ3MiOnsicG9zdF9pZCI6IjU0MDgifX0=@\u00bb button_text=\u00bbPresenta tu queja\u00bb button_alignment=\u00bbright\u00bb button_alignment_tablet=\u00bbcenter\u00bb button_alignment_phone=\u00bbcenter\u00bb button_alignment_last_edited=\u00bbon|tablet\u00bb _builder_version=\u00bb4.27.4&#8243; _dynamic_attributes=\u00bbbutton_url\u00bb custom_button=\u00bbon\u00bb button_text_size=\u00bb21px\u00bb button_text_color=\u00bb#FFFFFF\u00bb button_bg_color=\u00bbrgba(97,112,38,0.93)\u00bb button_border_width=\u00bb6px\u00bb button_border_color=\u00bbRGBA(255,255,255,0)\u00bb button_border_radius=\u00bb9px\u00bb button_letter_spacing=\u00bb0px\u00bb button_font=\u00bbRubik||||||||\u00bb button_use_icon=\u00bboff\u00bb custom_margin=\u00bb2px|5px||118px||\u00bb custom_margin_phone=\u00bb|70px||\u00bb custom_margin_last_edited=\u00bboff|desktop\u00bb custom_padding=\u00bb|||\u00bb animation_style=\u00bbslide\u00bb animation_direction=\u00bbleft\u00bb animation_intensity_slide=\u00bb8%\u00bb button_text_size_tablet=\u00bb15px\u00bb button_text_size_phone=\u00bb13px\u00bb button_text_size_last_edited=\u00bbon|phone\u00bb button_text_shadow_style=\u00bbpreset1&#8243; box_shadow_style=\u00bbpreset2&#8243; global_colors_info=\u00bb{}\u00bb button_text_size__hover_enabled=\u00bboff\u00bb button_one_text_size__hover_enabled=\u00bboff\u00bb button_two_text_size__hover_enabled=\u00bboff\u00bb button_text_color__hover_enabled=\u00bboff\u00bb button_one_text_color__hover_enabled=\u00bboff\u00bb button_two_text_color__hover_enabled=\u00bboff\u00bb button_border_width__hover_enabled=\u00bboff\u00bb button_one_border_width__hover_enabled=\u00bboff\u00bb button_two_border_width__hover_enabled=\u00bboff\u00bb button_border_color__hover_enabled=\u00bboff\u00bb button_one_border_color__hover_enabled=\u00bboff\u00bb button_two_border_color__hover_enabled=\u00bboff\u00bb button_border_radius__hover_enabled=\u00bboff\u00bb button_one_border_radius__hover_enabled=\u00bboff\u00bb button_two_border_radius__hover_enabled=\u00bboff\u00bb button_letter_spacing__hover_enabled=\u00bboff\u00bb button_one_letter_spacing__hover_enabled=\u00bboff\u00bb button_two_letter_spacing__hover_enabled=\u00bboff\u00bb button_bg_color__hover_enabled=\u00bboff\u00bb button_one_bg_color__hover_enabled=\u00bboff\u00bb button_two_bg_color__hover_enabled=\u00bboff\u00bb][\/et_pb_button][\/et_pb_column][\/et_pb_row][et_pb_row use_custom_gutter=\u00bbon\u00bb gutter_width=\u00bb1&#8243; disabled_on=\u00bbon|off|off\u00bb module_class=\u00bb et_pb_row_fullwidth\u00bb _builder_version=\u00bb4.16&#8243; width=\u00bb100%\u00bb width_tablet=\u00bb100%\u00bb width_phone=\u00bb100%\u00bb width_last_edited=\u00bbon|desktop\u00bb max_width=\u00bb100%\u00bb max_width_tablet=\u00bb100%\u00bb max_width_phone=\u00bb100%\u00bb max_width_last_edited=\u00bbon|desktop\u00bb custom_margin=\u00bb-19px|auto||auto||\u00bb make_fullwidth=\u00bbon\u00bb locked=\u00bboff\u00bb global_colors_info=\u00bb{}\u00bb][et_pb_column type=\u00bb4_4&#8243; _builder_version=\u00bb4.16&#8243; custom_padding=\u00bb|||\u00bb global_colors_info=\u00bb{}\u00bb custom_padding__hover=\u00bb|||\u00bb][et_pb_text _builder_version=\u00bb4.27.4&#8243; text_font=\u00bbArial|700||on|||||\u00bb text_text_color=\u00bbrgba(255,255,255,0.2)\u00bb text_font_size=\u00bb8vw\u00bb text_line_height=\u00bb1em\u00bb quote_font=\u00bb||||||||\u00bb header_font=\u00bb||||||||\u00bb custom_margin=\u00bb-7px||-0.4em|||\u00bb custom_padding=\u00bb0px|||||\u00bb filter_blur=\u00bb7px\u00bb animation_style=\u00bbslide\u00bb animation_direction=\u00bbright\u00bb animation_duration=\u00bb10000ms\u00bb animation_intensity_slide=\u00bb10%\u00bb animation_starting_opacity=\u00bb40%\u00bb animation_speed_curve=\u00bblinear\u00bb text_font_size_tablet=\u00bb124px\u00bb text_font_size_phone=\u00bb90px\u00bb text_font_size_last_edited=\u00bboff|desktop\u00bb global_colors_info=\u00bb{}\u00bb]<\/p>\n<p>Derechos Humanos<\/p>\n<p>[\/et_pb_text][\/et_pb_column][\/et_pb_row][\/et_pb_section][et_pb_section fb_built=\u00bb1&#8243; _builder_version=\u00bb4.27.4&#8243; _module_preset=\u00bbdefault\u00bb background_image=\u00bbhttps:\/\/cddhnayarit.org\/en\/wp-content\/uploads\/2025\/05\/CDDHN_Variantes_alvaro_Patron_A2_OjoDios-scaled.jpg\u00bb background_repeat=\u00bbrepeat\u00bb global_colors_info=\u00bb{}\u00bb][et_pb_row _builder_version=\u00bb4.27.4&#8243; _module_preset=\u00bbdefault\u00bb max_width=\u00bb80%\u00bb module_alignment=\u00bbcenter\u00bb custom_padding=\u00bb|||3%|false|false\u00bb global_colors_info=\u00bb{}\u00bb][et_pb_column type=\u00bb4_4&#8243; _builder_version=\u00bb4.27.4&#8243; _module_preset=\u00bbdefault\u00bb global_colors_info=\u00bb{}\u00bb][et_pb_text _builder_version=\u00bb4.27.4&#8243; _module_preset=\u00bbdefault\u00bb header_2_font=\u00bbRubik|600|||||||\u00bb header_2_font_size=\u00bb34px\u00bb custom_margin=\u00bb0px||0px||false|false\u00bb custom_padding=\u00bb0px||20px||false|false\u00bb global_colors_info=\u00bb{}\u00bb]<\/p>\n<h2><span>\ud83d\udce2 <strong>Pronunciamientos Institucionales<\/strong><\/span><\/h2>\n<p>[\/et_pb_text][et_pb_text _builder_version=\u00bb4.27.4&#8243; _module_preset=\u00bbdefault\u00bb text_font=\u00bbRubik|300|||||||\u00bb text_font_size=\u00bb16px\u00bb global_colors_info=\u00bb{}\u00bb]<\/p>\n<p style=\"text-align: justify;\"><span><strong>\ud83d\udd39<\/strong> La Comisi\u00f3n de Defensa de los Derechos Humanos para el Estado de Nayarit pone a disposici\u00f3n de la ciudadan\u00eda sus pronunciamientos oficiales, emitidos en el marco de su labor de promoci\u00f3n, protecci\u00f3n y defensa de los derechos humanos.<\/span><span style=\"font-size: 16px;\"> reflejando la postura institucional ante hechos relevantes que afectan la dignidad humana, y constituyen una herramienta clave para visibilizar, prevenir y atender situaciones que vulneran los derechos fundamentales.<\/span><\/p>\n<p style=\"text-align: justify;\"><span>\ud83d\udd39 <em>Consulta los pronunciamientos disponibles y conoce el compromiso de la Comisi\u00f3n con la justicia, la equidad y el respeto a los derechos humanos.<\/em><\/span><\/p>\n<p>[\/et_pb_text][\/et_pb_column][\/et_pb_row][et_pb_row _builder_version=\u00bb4.27.4&#8243; _module_preset=\u00bbdefault\u00bb max_width=\u00bb80%\u00bb custom_padding=\u00bb12px|||||\u00bb global_colors_info=\u00bb{}\u00bb][et_pb_column type=\u00bb4_4&#8243; _builder_version=\u00bb4.27.4&#8243; _module_preset=\u00bbdefault\u00bb global_colors_info=\u00bb{}\u00bb][et_pb_text _builder_version=\u00bb4.27.4&#8243; _module_preset=\u00bbdefault\u00bb background_color=\u00bbrgba(255,255,255,0.51)\u00bb custom_padding=\u00bb2%|2%|2%|2%|true|true\u00bb border_radii=\u00bbon|10px|10px|10px|10px\u00bb global_colors_info=\u00bb{}\u00bb]<\/p>\n<div id=\"footable_parent_5738\"\n         class=\" footable_parent ninja_table_wrapper loading_ninja_table wp_table_data_press_parent semantic_ui \">\n                <table data-ninja_table_instance=\"ninja_table_instance_0\" data-footable_id=\"5738\" data-filter-delay=\"1000\" aria-label=\"Pronunciamientos\"            id=\"footable_5738\"\n           data-unique_identifier=\"ninja_table_unique_id_3575843582_5738\"\n           class=\" foo-table ninja_footable foo_table_5738 ninja_table_unique_id_3575843582_5738 ui table  ninja_search_right nt_type_legacy_table selectable celled striped vertical_centered  footable-paging-right ninja_table_pro\">\n                <colgroup>\n                            <col class=\"ninja_column_0 \">\n                            <col class=\"ninja_column_1 \">\n                            <col class=\"ninja_column_2 \">\n                            <col class=\"ninja_column_3 \">\n                    <\/colgroup>\n        <thead>\n<tr class=\"footable-header\">\n                                                                        <th scope=\"col\"  class=\"ninja_column_0 ninja_clmn_nm_num \">Num.<\/th><th scope=\"col\"  class=\"ninja_column_1 ninja_clmn_nm_ano  \">A\u00f1o<\/th><th scope=\"col\"  class=\"ninja_column_2 ninja_clmn_nm_detalle \">Detalle<\/th><th scope=\"col\"  class=\"ninja_column_3 ninja_clmn_nm_documento \">Documento<\/th><\/tr>\n<\/thead>\n<tbody>\n\n        <tr data-row_id=\"363\" class=\"ninja_table_row_0 nt_row_id_363\">\n            <td>01<\/td><td>2025<\/td><td>Comunicado de la Comisi\u00f3n de Defensa de los Derechos Humanos  para el Estado de Nayarit, sobre el caso de Teuchitl\u00e1n, Jalisco.<\/td><td data-json_values={\"permalink\":\"https:\\\/\\\/cddhnayarit.org\\\/docs\\\/2025\\\/presidencia\\\/cominicados\\\/comunicado%2001-2025.pdf\",\"image_thumb\":\"https:\\\/\\\/cddhnayarit.org\\\/en\\\/wp-content\\\/uploads\\\/2025\\\/04\\\/boton-pdf1-e1744402612172.png\",\"image_full\":\"https:\\\/\\\/cddhnayarit.org\\\/en\\\/wp-content\\\/uploads\\\/2025\\\/04\\\/boton-pdf1-e1744402612172.png\",\"alt_text\":\"boton pdf1\"}><a target=\"_blank\" href=\"https:\/\/cddhnayarit.org\/docs\/2025\/presidencia\/cominicados\/comunicado%2001-2025.pdf\"><img decoding=\"async\" alt=\"boton pdf1\" class=\"nt_image_type_thumb\" src=\"https:\/\/cddhnayarit.org\/en\/wp-content\/uploads\/2025\/04\/boton-pdf1-e1744402612172.png\"\/><\/a><\/td>        <\/tr>\n            <tr data-row_id=\"368\" class=\"ninja_table_row_1 nt_row_id_368\">\n            <td>01<\/td><td>2024<\/td><td>La federaci\u00f3n mexicana de organismos p\u00fablicos de derechos humanos condena las acciones emprendidas en contra de la comisi\u00f3n de derechos humanos del estado de hidalgo.<\/td><td data-json_values={\"permalink\":\"\",\"image_thumb\":\"https:\\\/\\\/cddhnayarit.org\\\/en\\\/wp-content\\\/uploads\\\/2025\\\/04\\\/boton-pdf1-e1744402612172.png\",\"image_full\":\"https:\\\/\\\/cddhnayarit.org\\\/en\\\/wp-content\\\/uploads\\\/2025\\\/04\\\/boton-pdf1-e1744402612172.png\",\"alt_text\":\"boton pdf1\"}><img decoding=\"async\" alt=\"boton pdf1\" class=\"nt_image_type_thumb\" src=\"https:\/\/cddhnayarit.org\/en\/wp-content\/uploads\/2025\/04\/boton-pdf1-e1744402612172.png\"\/><\/td>        <\/tr>\n    <\/tbody><!--ninja_tobody_rendering_done-->\n    <\/table>\n    \n    \n    \n<\/div>\n\n<p>[\/et_pb_text][\/et_pb_column][\/et_pb_row][\/et_pb_section]<\/p>\n","protected":false},"excerpt":{"rendered":"<p>Derechos Humanos\ud83d\udce2 Pronunciamientos Institucionales\ud83d\udd39 La Comisi\u00f3n de Defensa de los Derechos Humanos para el Estado de Nayarit pone a disposici\u00f3n de la ciudadan\u00eda sus pronunciamientos oficiales, emitidos en el marco de su labor de promoci\u00f3n, protecci\u00f3n y defensa de los derechos humanos. reflejando la postura institucional ante hechos relevantes que afectan la dignidad humana, y [&hellip;]<\/p>\n","protected":false},"author":1,"featured_media":0,"parent":0,"menu_order":0,"comment_status":"closed","ping_status":"closed","template":"","meta":{"_et_pb_use_builder":"on","_et_pb_old_content":"","_et_gb_content_width":"","inline_featured_image":false,"footnotes":""},"class_list":["post-5733","page","type-page","status-publish","hentry"],"_hostinger_reach_plugin_has_subscription_block":false,"_hostinger_reach_plugin_is_elementor":false,"_links":{"self":[{"href":"https:\/\/cddhnayarit.org\/en\/wp-json\/wp\/v2\/pages\/5733","targetHints":{"allow":["GET"]}}],"collection":[{"href":"https:\/\/cddhnayarit.org\/en\/wp-json\/wp\/v2\/pages"}],"about":[{"href":"https:\/\/cddhnayarit.org\/en\/wp-json\/wp\/v2\/types\/page"}],"author":[{"embeddable":true,"href":"https:\/\/cddhnayarit.org\/en\/wp-json\/wp\/v2\/users\/1"}],"replies":[{"embeddable":true,"href":"https:\/\/cddhnayarit.org\/en\/wp-json\/wp\/v2\/comments?post=5733"}],"version-history":[{"count":14,"href":"https:\/\/cddhnayarit.org\/en\/wp-json\/wp\/v2\/pages\/5733\/revisions"}],"predecessor-version":[{"id":6558,"href":"https:\/\/cddhnayarit.org\/en\/wp-json\/wp\/v2\/pages\/5733\/revisions\/6558"}],"wp:attachment":[{"href":"https:\/\/cddhnayarit.org\/en\/wp-json\/wp\/v2\/media?parent=5733"}],"curies":[{"name":"wp","href":"https:\/\/api.w.org\/{rel}","templated":true}]}}