{"id":5649,"date":"2025-05-16T16:12:49","date_gmt":"2025-05-16T16:12:49","guid":{"rendered":"https:\/\/cddhnayarit.org\/en\/?page_id=5649"},"modified":"2025-09-03T16:53:17","modified_gmt":"2025-09-03T16:53:17","slug":"detalle-presidencia","status":"publish","type":"page","link":"https:\/\/cddhnayarit.org\/en\/detalle-presidencia\/","title":{"rendered":"Detalle. Presidencia"},"content":{"rendered":"<p>[et_pb_section fb_built=\u00bb1&#8243; admin_label=\u00bbHero\u00bb _builder_version=\u00bb4.27.4&#8243; background_color=\u00bb#efefef\u00bb use_background_color_gradient=\u00bbon\u00bb background_color_gradient_direction=\u00bb9deg\u00bb background_color_gradient_stops=\u00bb#283d4b 0%|rgba(128,103,79,0.5) 62%\u00bb background_color_gradient_overlays_image=\u00bbon\u00bb background_color_gradient_start=\u00bb#283d4b\u00bb background_color_gradient_end=\u00bbrgba(128,103,79,0.5)\u00bb background_image=\u00bbhttps:\/\/cddhnayarit.org\/en\/wp-content\/uploads\/2025\/06\/Lienzo.jpg\u00bb custom_margin=\u00bb-19px||||false|false\u00bb custom_padding=\u00bb0vw||0px|||\u00bb bottom_divider_style=\u00bbwaves2&#8243; bottom_divider_color=\u00bb#dbdbdb\u00bb bottom_divider_height=\u00bb1vw\u00bb bottom_divider_repeat=\u00bb1x\u00bb bottom_divider_flip=\u00bbhorizontal\u00bb hover_enabled=\u00bb0&#8243; global_colors_info=\u00bb{}\u00bb sticky_enabled=\u00bb0&#8243;][et_pb_row _builder_version=\u00bb4.16&#8243; custom_margin=\u00bb|||\u00bb custom_padding=\u00bb6px|0px|0|0px|false|false\u00bb global_colors_info=\u00bb{}\u00bb][et_pb_column type=\u00bb4_4&#8243; _builder_version=\u00bb4.16&#8243; custom_padding=\u00bb|||\u00bb global_colors_info=\u00bb{}\u00bb custom_padding__hover=\u00bb|||\u00bb][et_pb_image src=\u00bbhttps:\/\/cddhnayarit.org\/en\/wp-content\/uploads\/2025\/05\/CDDHN_Variantes_alvaro-copia_Logo_Color_Horizontal_Azul.svg\u00bb title_text=\u00bbCDDHN_Variantes_alvaro copia_Logo_Color_Horizontal_Azul\u00bb align=\u00bbcenter\u00bb _builder_version=\u00bb4.27.4&#8243; _module_preset=\u00bbdefault\u00bb width=\u00bb100%\u00bb module_alignment=\u00bbcenter\u00bb custom_margin=\u00bb0px||0px||false|false\u00bb custom_padding=\u00bb||0px||false|false\u00bb global_colors_info=\u00bb{}\u00bb][\/et_pb_image][\/et_pb_column][\/et_pb_row][et_pb_row column_structure=\u00bb1_2,1_2&#8243; _builder_version=\u00bb4.16&#8243; custom_padding=\u00bb0|0px|27px|0px|false|false\u00bb locked=\u00bboff\u00bb global_colors_info=\u00bb{}\u00bb][et_pb_column type=\u00bb1_2&#8243; _builder_version=\u00bb4.16&#8243; custom_padding=\u00bb|||\u00bb global_colors_info=\u00bb{}\u00bb custom_padding__hover=\u00bb|||\u00bb][\/et_pb_column][et_pb_column type=\u00bb1_2&#8243; _builder_version=\u00bb4.16&#8243; custom_padding=\u00bb|||\u00bb global_colors_info=\u00bb{}\u00bb custom_padding__hover=\u00bb|||\u00bb][et_pb_button button_url=\u00bb@ET-DC@eyJkeW5hbWljIjp0cnVlLCJjb250ZW50IjoicG9zdF9saW5rX3VybF9wYWdlIiwic2V0dGluZ3MiOnsicG9zdF9pZCI6IjU0MDgifX0=@\u00bb button_text=\u00bbPresenta tu queja\u00bb button_alignment=\u00bbright\u00bb button_alignment_tablet=\u00bbcenter\u00bb button_alignment_phone=\u00bbcenter\u00bb button_alignment_last_edited=\u00bbon|tablet\u00bb _builder_version=\u00bb4.27.4&#8243; _dynamic_attributes=\u00bbbutton_url\u00bb custom_button=\u00bbon\u00bb button_text_size=\u00bb21px\u00bb button_text_color=\u00bb#FFFFFF\u00bb button_bg_color=\u00bbrgba(97,112,38,0.93)\u00bb button_border_width=\u00bb6px\u00bb button_border_color=\u00bbRGBA(255,255,255,0)\u00bb button_border_radius=\u00bb9px\u00bb button_letter_spacing=\u00bb0px\u00bb button_font=\u00bbRubik||||||||\u00bb button_use_icon=\u00bboff\u00bb custom_margin=\u00bb2px|5px||118px||\u00bb custom_margin_phone=\u00bb|70px||\u00bb custom_margin_last_edited=\u00bboff|desktop\u00bb custom_padding=\u00bb|||\u00bb animation_style=\u00bbslide\u00bb animation_direction=\u00bbleft\u00bb animation_intensity_slide=\u00bb8%\u00bb button_text_size_tablet=\u00bb15px\u00bb button_text_size_phone=\u00bb13px\u00bb button_text_size_last_edited=\u00bbon|phone\u00bb button_text_shadow_style=\u00bbpreset1&#8243; box_shadow_style=\u00bbpreset2&#8243; global_colors_info=\u00bb{}\u00bb button_text_size__hover_enabled=\u00bboff\u00bb button_one_text_size__hover_enabled=\u00bboff\u00bb button_two_text_size__hover_enabled=\u00bboff\u00bb button_text_color__hover_enabled=\u00bboff\u00bb button_one_text_color__hover_enabled=\u00bboff\u00bb button_two_text_color__hover_enabled=\u00bboff\u00bb button_border_width__hover_enabled=\u00bboff\u00bb button_one_border_width__hover_enabled=\u00bboff\u00bb button_two_border_width__hover_enabled=\u00bboff\u00bb button_border_color__hover_enabled=\u00bboff\u00bb button_one_border_color__hover_enabled=\u00bboff\u00bb button_two_border_color__hover_enabled=\u00bboff\u00bb button_border_radius__hover_enabled=\u00bboff\u00bb button_one_border_radius__hover_enabled=\u00bboff\u00bb button_two_border_radius__hover_enabled=\u00bboff\u00bb button_letter_spacing__hover_enabled=\u00bboff\u00bb button_one_letter_spacing__hover_enabled=\u00bboff\u00bb button_two_letter_spacing__hover_enabled=\u00bboff\u00bb button_bg_color__hover_enabled=\u00bboff\u00bb button_one_bg_color__hover_enabled=\u00bboff\u00bb button_two_bg_color__hover_enabled=\u00bboff\u00bb][\/et_pb_button][\/et_pb_column][\/et_pb_row][et_pb_row use_custom_gutter=\u00bbon\u00bb gutter_width=\u00bb1&#8243; disabled_on=\u00bbon|off|off\u00bb module_class=\u00bb et_pb_row_fullwidth\u00bb _builder_version=\u00bb4.16&#8243; width=\u00bb100%\u00bb width_tablet=\u00bb100%\u00bb width_phone=\u00bb100%\u00bb width_last_edited=\u00bbon|desktop\u00bb max_width=\u00bb100%\u00bb max_width_tablet=\u00bb100%\u00bb max_width_phone=\u00bb100%\u00bb max_width_last_edited=\u00bbon|desktop\u00bb custom_margin=\u00bb-19px|auto||auto||\u00bb make_fullwidth=\u00bbon\u00bb locked=\u00bboff\u00bb global_colors_info=\u00bb{}\u00bb][et_pb_column type=\u00bb4_4&#8243; _builder_version=\u00bb4.16&#8243; custom_padding=\u00bb|||\u00bb global_colors_info=\u00bb{}\u00bb custom_padding__hover=\u00bb|||\u00bb][et_pb_text _builder_version=\u00bb4.27.4&#8243; text_font=\u00bbArial|700||on|||||\u00bb text_text_color=\u00bbrgba(255,255,255,0.2)\u00bb text_font_size=\u00bb8vw\u00bb text_line_height=\u00bb1em\u00bb quote_font=\u00bb||||||||\u00bb header_font=\u00bb||||||||\u00bb custom_margin=\u00bb-7px||-0.4em|||\u00bb custom_padding=\u00bb0px|||||\u00bb filter_blur=\u00bb7px\u00bb animation_style=\u00bbslide\u00bb animation_direction=\u00bbright\u00bb animation_duration=\u00bb10000ms\u00bb animation_intensity_slide=\u00bb10%\u00bb animation_starting_opacity=\u00bb40%\u00bb animation_speed_curve=\u00bblinear\u00bb text_font_size_tablet=\u00bb124px\u00bb text_font_size_phone=\u00bb90px\u00bb text_font_size_last_edited=\u00bboff|desktop\u00bb global_colors_info=\u00bb{}\u00bb]<\/p>\n<p>Derechos Humanos<\/p>\n<p>[\/et_pb_text][\/et_pb_column][\/et_pb_row][\/et_pb_section][et_pb_section fb_built=\u00bb1&#8243; _builder_version=\u00bb4.27.4&#8243; _module_preset=\u00bbdefault\u00bb background_image=\u00bbhttps:\/\/cddhnayarit.org\/en\/wp-content\/uploads\/2025\/05\/CDDHN_Variantes_alvaro_Patron_A2_OjoDios-scaled.jpg\u00bb background_repeat=\u00bbrepeat\u00bb custom_margin=\u00bb||||false|false\u00bb custom_padding=\u00bb80px||||false|false\u00bb global_colors_info=\u00bb{}\u00bb][et_pb_row _builder_version=\u00bb4.27.4&#8243; _module_preset=\u00bbdefault\u00bb background_color=\u00bbrgba(229,229,229,0.69)\u00bb custom_padding=\u00bb40px|||||\u00bb border_radii=\u00bbon|20px|20px|20px|20px\u00bb global_colors_info=\u00bb{}\u00bb][et_pb_column type=\u00bb4_4&#8243; _builder_version=\u00bb4.27.4&#8243; _module_preset=\u00bbdefault\u00bb global_colors_info=\u00bb{}\u00bb][et_pb_image src=\u00bbhttps:\/\/cddhnayarit.org\/en\/wp-content\/uploads\/2025\/05\/foto-presidente.jpg.webp\u00bb title_text=\u00bbfoto-presidente.jpg\u00bb _builder_version=\u00bb4.27.4&#8243; _module_preset=\u00bbdefault\u00bb width=\u00bb25%\u00bb max_width=\u00bb25%\u00bb module_alignment=\u00bbcenter\u00bb border_radii=\u00bbon|50px|50px|50px|50px\u00bb box_shadow_style=\u00bbpreset2&#8243; global_colors_info=\u00bb{}\u00bb][\/et_pb_image][et_pb_text _builder_version=\u00bb4.27.4&#8243; _module_preset=\u00bbdefault\u00bb text_font=\u00bbRubik||||||||\u00bb text_text_color=\u00bb#6b6b6b\u00bb text_font_size=\u00bb13px\u00bb header_2_font=\u00bbRubik||||||||\u00bb header_2_text_align=\u00bbcenter\u00bb header_2_text_color=\u00bb#003e6e\u00bb header_5_font=\u00bbRubik|600|||||||\u00bb header_5_text_align=\u00bbcenter\u00bb header_5_text_color=\u00bb#878787&#8243; text_orientation=\u00bbcenter\u00bb custom_margin=\u00bb||0px|||\u00bb global_colors_info=\u00bb{}\u00bb]<\/p>\n<h2 class=\"et_pb_module_header\">Dr. Carlos Alberto Prieto Godoy<\/h2>\n<h5><span>Presidente de la Comisi\u00f3n de Defensa de Derechos Humanos de Nayarit<\/span><\/h5>\n<p>Periodo de Gestion: 2023 &#8211; 2028<\/p>\n<p>[\/et_pb_text][et_pb_text _builder_version=\u00bb4.27.4&#8243; _module_preset=\u00bbdefault\u00bb text_font=\u00bbRubik||||on||||\u00bb text_text_color=\u00bb#FFFFFF\u00bb text_font_size=\u00bb14px\u00bb background_color=\u00bbrgba(0,62,110,0.67)\u00bb text_orientation=\u00bbcenter\u00bb width=\u00bb30%\u00bb max_width=\u00bb30%\u00bb module_alignment=\u00bbcenter\u00bb custom_margin=\u00bb||4px|||\u00bb custom_padding=\u00bb5px|5px|5px|5px|true|true\u00bb border_radii=\u00bbon|10px|10px|10px|10px\u00bb global_colors_info=\u00bb{}\u00bb text_text_color__hover_enabled=\u00bbon|hover\u00bb text_text_color__hover=\u00bb#359e01&#8243;]<\/p>\n<p>C.V. del Dr. Carlos Alberto Prieto Godoy<\/p>\n<p>[\/et_pb_text][et_pb_social_media_follow _builder_version=\u00bb4.27.4&#8243; _module_preset=\u00bbdefault\u00bb text_orientation=\u00bbcenter\u00bb custom_margin=\u00bb0px||21px||false|false\u00bb custom_padding=\u00bb3px||3px||false|false\u00bb border_radii=\u00bbon|10px|10px|10px|10px\u00bb global_colors_info=\u00bb{}\u00bb][et_pb_social_media_follow_network social_network=\u00bbfacebook\u00bb url=\u00bbhttps:\/\/www.facebook.com\/CDDHNay\u00bb _builder_version=\u00bb4.27.4&#8243; _module_preset=\u00bbdefault\u00bb background_color=\u00bb#3b5998&#8243; global_colors_info=\u00bb{}\u00bb follow_button=\u00bboff\u00bb url_new_window=\u00bbon\u00bb]facebook[\/et_pb_social_media_follow_network][et_pb_social_media_follow_network social_network=\u00bbtwitter\u00bb url=\u00bbhttps:\/\/x.com\/CddhNay\u00bb _builder_version=\u00bb4.27.4&#8243; _module_preset=\u00bbdefault\u00bb background_color=\u00bb#000000&#8243; global_colors_info=\u00bb{}\u00bb follow_button=\u00bboff\u00bb url_new_window=\u00bbon\u00bb]X[\/et_pb_social_media_follow_network][et_pb_social_media_follow_network social_network=\u00bbtiktok\u00bb url=\u00bbhttps:\/\/www.tiktok.com\/@cddhnayarit\u00bb _builder_version=\u00bb4.27.4&#8243; _module_preset=\u00bbdefault\u00bb background_color=\u00bb#fe2c55&#8243; global_colors_info=\u00bb{}\u00bb follow_button=\u00bboff\u00bb url_new_window=\u00bbon\u00bb]tiktok[\/et_pb_social_media_follow_network][et_pb_social_media_follow_network social_network=\u00bbyoutube\u00bb url=\u00bbhttps:\/\/www.youtube.com\/@cddhnayarit1915&#8243; _builder_version=\u00bb4.27.4&#8243; _module_preset=\u00bbdefault\u00bb background_color=\u00bb#a82400&#8243; global_colors_info=\u00bb{}\u00bb follow_button=\u00bboff\u00bb url_new_window=\u00bbon\u00bb]youtube[\/et_pb_social_media_follow_network][et_pb_social_media_follow_network social_network=\u00bbinstagram\u00bb url=\u00bbhttps:\/\/www.instagram.com\/cddh_nayarit\/\u00bb _builder_version=\u00bb4.27.4&#8243; _module_preset=\u00bbdefault\u00bb background_color=\u00bb#ea2c59&#8243; global_colors_info=\u00bb{}\u00bb follow_button=\u00bboff\u00bb url_new_window=\u00bbon\u00bb]instagram[\/et_pb_social_media_follow_network][\/et_pb_social_media_follow][et_pb_text _builder_version=\u00bb4.27.4&#8243; _module_preset=\u00bbdefault\u00bb text_font=\u00bbRubik|300|||||||\u00bb text_text_color=\u00bbrgba(0,62,110,0.87)\u00bb text_font_size=\u00bb15px\u00bb text_line_height=\u00bb2em\u00bb custom_padding=\u00bb|10%||10%|false|true\u00bb global_colors_info=\u00bb{}\u00bb]<\/p>\n<p style=\"text-align: justify;\"><span>Licenciado en Derecho por la Universidad Aut\u00f3noma de Nayarit, curs\u00f3 su maestr\u00eda en derecho en la Universidad Complutense de Madrid, hizo su doctorado en derecho en la misma facultad, curs\u00f3 su especialidad en el Instituto Internacional de Derechos Humanos de Estrasburgo, Francia.<\/span><\/p>\n<p style=\"text-align: justify;\">En su experiencia laboral se destaca su desempe\u00f1o como promotor y defensor de los derechos humanos en la Fundaci\u00f3n Valsa\u00edn, en Espa\u00f1a, profesor del n\u00facleo acad\u00e9mico b\u00e1sico del doctorado Interinstitucional de Derecho de las Universidades Aut\u00f3nomas de Nayarit, Guanajuato y Aguascalientes, secretario del Centro de Estudios de la Fundaci\u00f3n Valsa\u00edn \u201cPara la Promoci\u00f3n y Defensa de los Valores Democr\u00e1ticos\u201d, Segovia, Espa\u00f1a, oficial secretario de Sala Constitucional Electoral del Poder Judicial del Estado de Nayarit.<\/p>\n<p style=\"text-align: justify;\">Tambi\u00e9n Carlos Alberto Prieto Godoy fue presidente de la Comisi\u00f3n Municipal de Derechos Humanos, secretario ejecutivo del Sistema Integral para la Protecci\u00f3n de Ni\u00f1os, Ni\u00f1as y Adolescentes, investigador y docente de la Unidad Acad\u00e9mica de Derecho de la Universidad Aut\u00f3noma de Nayarit.<\/p>\n<p>[\/et_pb_text][et_pb_toggle title=\u00bbAtribuciones de la Presidencia\u00bb _builder_version=\u00bb4.27.4&#8243; _module_preset=\u00bbdefault\u00bb title_font=\u00bbRubik||||||||\u00bb custom_margin=\u00bb|20px||20px|false|true\u00bb global_colors_info=\u00bb{}\u00bb]<\/p>\n<h4 style=\"text-align: center;\"><strong>LA PRESIDENCIA<\/strong><\/h4>\n<p style=\"text-align: justify;\"><strong>ART\u00cdCULO 28.-<\/strong> La Presidencia es el \u00f3rgano directivo de la comisi\u00f3n, est\u00e1 a cargo de una persona titular, a la cual corresponde ejercer, de acuerdo con lo establecido en la Ley, las funciones directivas de la Comisi\u00f3n y su representaci\u00f3n legal.<\/p>\n<p style=\"text-align: justify;\"><strong>ART\u00cdCULO 29.-<\/strong> Es atribuci\u00f3n de la persona titular de la Presidencia conceder licencias voluntarias hasta por tres meses, sin goce de sueldo, a las empleadas o empleados y a las funcionarias o funcionarios que hayan prestado sus servicios en la Comisi\u00f3n por lo menos en un a\u00f1o, as\u00ed como otorgar licencias con goce de sueldo hasta por quince d\u00edas h\u00e1biles.<\/p>\n<p style=\"text-align: justify;\"><strong>ART\u00cdCULO 30.-<\/strong> Cuando la situaci\u00f3n presupuestaria de la Comisi\u00f3n lo permita, la Presidencia podr\u00e1 autorizar pr\u00e9stamos econ\u00f3micos a las empleadas o empleados y a las funcionarias o funcionarios de la Comisi\u00f3n hasta por el importe de tres meses del salario del solicitante, el cual deber\u00e1 ser pagado por \u00e9ste en un plazo que no exceda el a\u00f1o del ejercicio fiscal que corresponda.<\/p>\n<p style=\"text-align: justify;\"><strong>ART\u00cdCULO 31.-<\/strong> Durante las ausencias temporales de la persona titular de la Presidencia, hasta por seis meses, sus funciones y su representaci\u00f3n legal ser\u00e1n suplidas, de manera interina, por la persona titular de la Visitadur\u00eda General, y si \u00e9sta tambi\u00e9n se encontrare ausente, le sustituir\u00e1 la persona titular de la Secretar\u00eda Ejecutiva o la funcionaria o funcionario de la Comisi\u00f3n que la Presidencia designe de manera temporal.<\/p>\n<p style=\"text-align: justify;\"><strong>ART\u00cdCULO 32.-<\/strong> En los informes especiales y anuales presentados por la Presidencia, se podr\u00e1 omitir en ellos la informaci\u00f3n personal de las personas quejosas, cuando la situaci\u00f3n particular as\u00ed lo amerite.<\/p>\n<p style=\"text-align: justify;\"><strong>ARTICULO 33.-<\/strong> Para el despacho de los asuntos de la Presidencia, se contar\u00e1 con el apoyo de las siguientes unidades administrativas:<\/p>\n<p style=\"text-align: justify;\"><strong>I.<\/strong> Direcci\u00f3n de Administraci\u00f3n, Contabilidad y Recursos Humanos;<br \/><strong>II.<\/strong> Unidad de Transparencia;<br \/><strong>III.<\/strong> Unidad de Comunicaci\u00f3n Social;<br \/><strong>IV.<\/strong> Unidad de Asuntos Jur\u00eddicos;<br \/><strong>V.<\/strong> Secretar\u00eda Particular; y<br \/><strong>VI.<\/strong> Las dem\u00e1s unidades y personal que designe mediante acuerdo la Presidencia.<\/p>\n<p style=\"text-align: justify;\">Cada una de las unidades administrativas se\u00f1aladas en el presente art\u00edculo estar\u00e1 a cargo de una persona titular que, para efectos administrativos, tendr\u00e1 rango de Directora o Director.<\/p>\n<p>[\/et_pb_toggle][\/et_pb_column][\/et_pb_row][\/et_pb_section]<\/p>\n","protected":false},"excerpt":{"rendered":"<p>Derechos HumanosDr. Carlos Alberto Prieto Godoy Presidente de la Comisi\u00f3n de Defensa de Derechos Humanos de Nayarit Periodo de Gestion: 2023 &#8211; 2028C.V. del Dr. Carlos Alberto Prieto GodoyLicenciado en Derecho por la Universidad Aut\u00f3noma de Nayarit, curs\u00f3 su maestr\u00eda en derecho en la Universidad Complutense de Madrid, hizo su doctorado en derecho en la [&hellip;]<\/p>\n","protected":false},"author":1,"featured_media":0,"parent":0,"menu_order":0,"comment_status":"closed","ping_status":"closed","template":"","meta":{"_et_pb_use_builder":"on","_et_pb_old_content":"","_et_gb_content_width":"","inline_featured_image":false,"footnotes":""},"class_list":["post-5649","page","type-page","status-publish","hentry"],"_hostinger_reach_plugin_has_subscription_block":false,"_hostinger_reach_plugin_is_elementor":false,"_links":{"self":[{"href":"https:\/\/cddhnayarit.org\/en\/wp-json\/wp\/v2\/pages\/5649","targetHints":{"allow":["GET"]}}],"collection":[{"href":"https:\/\/cddhnayarit.org\/en\/wp-json\/wp\/v2\/pages"}],"about":[{"href":"https:\/\/cddhnayarit.org\/en\/wp-json\/wp\/v2\/types\/page"}],"author":[{"embeddable":true,"href":"https:\/\/cddhnayarit.org\/en\/wp-json\/wp\/v2\/users\/1"}],"replies":[{"embeddable":true,"href":"https:\/\/cddhnayarit.org\/en\/wp-json\/wp\/v2\/comments?post=5649"}],"version-history":[{"count":6,"href":"https:\/\/cddhnayarit.org\/en\/wp-json\/wp\/v2\/pages\/5649\/revisions"}],"predecessor-version":[{"id":6547,"href":"https:\/\/cddhnayarit.org\/en\/wp-json\/wp\/v2\/pages\/5649\/revisions\/6547"}],"wp:attachment":[{"href":"https:\/\/cddhnayarit.org\/en\/wp-json\/wp\/v2\/media?parent=5649"}],"curies":[{"name":"wp","href":"https:\/\/api.w.org\/{rel}","templated":true}]}}