{"id":5503,"date":"2025-04-09T22:12:21","date_gmt":"2025-04-09T22:12:21","guid":{"rendered":"https:\/\/cddhnayarit.org\/en\/?page_id=5503"},"modified":"2025-12-11T21:31:56","modified_gmt":"2025-12-11T21:31:56","slug":"informes","status":"publish","type":"page","link":"https:\/\/cddhnayarit.org\/en\/informes\/","title":{"rendered":"informesp"},"content":{"rendered":"<p>[et_pb_section fb_built=\u00bb1&#8243; admin_label=\u00bbHero\u00bb _builder_version=\u00bb4.27.4&#8243; use_background_color_gradient=\u00bbon\u00bb background_color_gradient_direction=\u00bb9deg\u00bb background_color_gradient_stops=\u00bb#283d4b 0%|rgba(128,103,79,0.5) 62%\u00bb background_color_gradient_overlays_image=\u00bbon\u00bb background_color_gradient_start=\u00bb#283d4b\u00bb background_color_gradient_end=\u00bbrgba(128,103,79,0.5)\u00bb background_image=\u00bbhttps:\/\/cddhnayarit.org\/en\/wp-content\/uploads\/2025\/06\/Lienzo.jpg\u00bb custom_margin=\u00bb-19px||||false|false\u00bb custom_padding=\u00bb0vw||0px|||\u00bb bottom_divider_style=\u00bbwaves2&#8243; bottom_divider_color=\u00bb#d3d3d3&#8243; bottom_divider_height=\u00bb1vw\u00bb bottom_divider_repeat=\u00bb1x\u00bb bottom_divider_flip=\u00bbhorizontal\u00bb global_colors_info=\u00bb{}\u00bb][et_pb_row _builder_version=\u00bb4.16&#8243; custom_margin=\u00bb|||\u00bb custom_padding=\u00bb4px|0px|0|0px|false|false\u00bb global_colors_info=\u00bb{}\u00bb][et_pb_column type=\u00bb4_4&#8243; _builder_version=\u00bb4.16&#8243; custom_padding=\u00bb|||\u00bb global_colors_info=\u00bb{}\u00bb custom_padding__hover=\u00bb|||\u00bb][et_pb_image src=\u00bbhttps:\/\/cddhnayarit.org\/en\/wp-content\/uploads\/2025\/05\/CDDHN_Variantes_alvaro-copia_Logo_Color_Horizontal_Azul.svg\u00bb title_text=\u00bbCDDHN_Variantes_alvaro copia_Logo_Color_Horizontal_Azul\u00bb align=\u00bbcenter\u00bb _builder_version=\u00bb4.27.4&#8243; _module_preset=\u00bbdefault\u00bb width=\u00bb100%\u00bb module_alignment=\u00bbcenter\u00bb custom_margin=\u00bb4px||10px||false|false\u00bb custom_padding=\u00bb25px||0px||false|false\u00bb global_colors_info=\u00bb{}\u00bb][\/et_pb_image][\/et_pb_column][\/et_pb_row][et_pb_row column_structure=\u00bb1_2,1_2&#8243; _builder_version=\u00bb4.16&#8243; custom_padding=\u00bb0|0px|27px|0px|false|false\u00bb locked=\u00bboff\u00bb global_colors_info=\u00bb{}\u00bb][et_pb_column type=\u00bb1_2&#8243; _builder_version=\u00bb4.16&#8243; custom_padding=\u00bb|||\u00bb global_colors_info=\u00bb{}\u00bb custom_padding__hover=\u00bb|||\u00bb][\/et_pb_column][et_pb_column type=\u00bb1_2&#8243; _builder_version=\u00bb4.16&#8243; custom_padding=\u00bb|||\u00bb global_colors_info=\u00bb{}\u00bb custom_padding__hover=\u00bb|||\u00bb][et_pb_button button_url=\u00bb@ET-DC@eyJkeW5hbWljIjp0cnVlLCJjb250ZW50IjoicG9zdF9saW5rX3VybF9wYWdlIiwic2V0dGluZ3MiOnsicG9zdF9pZCI6IjU0MDgifX0=@\u00bb button_text=\u00bbPresenta tu queja\u00bb button_alignment=\u00bbright\u00bb button_alignment_tablet=\u00bbcenter\u00bb button_alignment_phone=\u00bbcenter\u00bb button_alignment_last_edited=\u00bbon|tablet\u00bb _builder_version=\u00bb4.27.4&#8243; _dynamic_attributes=\u00bbbutton_url\u00bb custom_button=\u00bbon\u00bb button_text_size=\u00bb21px\u00bb button_text_color=\u00bb#FFFFFF\u00bb button_bg_color=\u00bbrgba(97,112,38,0.93)\u00bb button_border_width=\u00bb6px\u00bb button_border_color=\u00bbRGBA(255,255,255,0)\u00bb button_border_radius=\u00bb9px\u00bb button_letter_spacing=\u00bb0px\u00bb button_font=\u00bbRubik||||||||\u00bb button_use_icon=\u00bboff\u00bb custom_margin=\u00bb2px|5px||118px||\u00bb custom_margin_phone=\u00bb|70px||\u00bb custom_margin_last_edited=\u00bboff|desktop\u00bb custom_padding=\u00bb|||\u00bb animation_style=\u00bbslide\u00bb animation_direction=\u00bbleft\u00bb animation_intensity_slide=\u00bb8%\u00bb button_text_size_tablet=\u00bb15px\u00bb button_text_size_phone=\u00bb13px\u00bb button_text_size_last_edited=\u00bbon|phone\u00bb button_text_shadow_style=\u00bbpreset1&#8243; box_shadow_style=\u00bbpreset2&#8243; global_colors_info=\u00bb{}\u00bb button_text_size__hover_enabled=\u00bboff\u00bb button_one_text_size__hover_enabled=\u00bboff\u00bb button_two_text_size__hover_enabled=\u00bboff\u00bb button_text_color__hover_enabled=\u00bboff\u00bb button_one_text_color__hover_enabled=\u00bboff\u00bb button_two_text_color__hover_enabled=\u00bboff\u00bb button_border_width__hover_enabled=\u00bboff\u00bb button_one_border_width__hover_enabled=\u00bboff\u00bb button_two_border_width__hover_enabled=\u00bboff\u00bb button_border_color__hover_enabled=\u00bboff\u00bb button_one_border_color__hover_enabled=\u00bboff\u00bb button_two_border_color__hover_enabled=\u00bboff\u00bb button_border_radius__hover_enabled=\u00bboff\u00bb button_one_border_radius__hover_enabled=\u00bboff\u00bb button_two_border_radius__hover_enabled=\u00bboff\u00bb button_letter_spacing__hover_enabled=\u00bboff\u00bb button_one_letter_spacing__hover_enabled=\u00bboff\u00bb button_two_letter_spacing__hover_enabled=\u00bboff\u00bb button_bg_color__hover_enabled=\u00bboff\u00bb button_one_bg_color__hover_enabled=\u00bboff\u00bb button_two_bg_color__hover_enabled=\u00bboff\u00bb][\/et_pb_button][\/et_pb_column][\/et_pb_row][et_pb_row use_custom_gutter=\u00bbon\u00bb gutter_width=\u00bb1&#8243; disabled_on=\u00bbon|off|off\u00bb module_class=\u00bb et_pb_row_fullwidth\u00bb _builder_version=\u00bb4.16&#8243; width=\u00bb100%\u00bb width_tablet=\u00bb100%\u00bb width_phone=\u00bb100%\u00bb width_last_edited=\u00bbon|desktop\u00bb max_width=\u00bb100%\u00bb max_width_tablet=\u00bb100%\u00bb max_width_phone=\u00bb100%\u00bb max_width_last_edited=\u00bbon|desktop\u00bb custom_margin=\u00bb-19px|auto||auto||\u00bb make_fullwidth=\u00bbon\u00bb locked=\u00bboff\u00bb global_colors_info=\u00bb{}\u00bb][et_pb_column type=\u00bb4_4&#8243; _builder_version=\u00bb4.16&#8243; custom_padding=\u00bb|||\u00bb global_colors_info=\u00bb{}\u00bb custom_padding__hover=\u00bb|||\u00bb][et_pb_text _builder_version=\u00bb4.27.4&#8243; text_font=\u00bbArial|700||on|||||\u00bb text_text_color=\u00bbrgba(255,255,255,0.2)\u00bb text_font_size=\u00bb8vw\u00bb text_line_height=\u00bb1em\u00bb quote_font=\u00bb||||||||\u00bb header_font=\u00bb||||||||\u00bb custom_margin=\u00bb-7px||-0.4em|||\u00bb custom_padding=\u00bb0px|||||\u00bb filter_blur=\u00bb7px\u00bb animation_style=\u00bbslide\u00bb animation_direction=\u00bbright\u00bb animation_duration=\u00bb10000ms\u00bb animation_intensity_slide=\u00bb10%\u00bb animation_starting_opacity=\u00bb40%\u00bb animation_speed_curve=\u00bblinear\u00bb text_font_size_tablet=\u00bb124px\u00bb text_font_size_phone=\u00bb90px\u00bb text_font_size_last_edited=\u00bboff|desktop\u00bb global_colors_info=\u00bb{}\u00bb]<\/p>\n<p>Derechos Humanos<\/p>\n<p>[\/et_pb_text][\/et_pb_column][\/et_pb_row][\/et_pb_section][et_pb_section fb_built=\u00bb1&#8243; _builder_version=\u00bb4.27.4&#8243; _module_preset=\u00bbdefault\u00bb background_image=\u00bbhttps:\/\/cddhnayarit.org\/en\/wp-content\/uploads\/2025\/05\/CDDHN_Variantes_alvaro_Patron_A2_OjoDios-scaled.jpg\u00bb background_size=\u00bbcustom\u00bb background_repeat=\u00bbrepeat\u00bb custom_padding=\u00bb31px|||||\u00bb global_colors_info=\u00bb{}\u00bb][et_pb_row _builder_version=\u00bb4.27.4&#8243; _module_preset=\u00bbdefault\u00bb width=\u00bb100%\u00bb max_width=\u00bb100%\u00bb module_alignment=\u00bbcenter\u00bb custom_padding=\u00bb||4px|||\u00bb global_colors_info=\u00bb{}\u00bb][et_pb_column type=\u00bb4_4&#8243; _builder_version=\u00bb4.27.4&#8243; _module_preset=\u00bbdefault\u00bb global_colors_info=\u00bb{}\u00bb][et_pb_text _builder_version=\u00bb4.27.4&#8243; _module_preset=\u00bbdefault\u00bb text_font=\u00bb&#8211;et_global_body_font|600|||||||\u00bb text_font_size=\u00bb40px\u00bb text_orientation=\u00bbcenter\u00bb module_alignment=\u00bbcenter\u00bb global_colors_info=\u00bb{}\u00bb]<\/p>\n<h1><span>\ud83d\udcca <strong>Informes Institucionales<\/strong><\/span><\/h1>\n<p>[\/et_pb_text][\/et_pb_column][\/et_pb_row][et_pb_row column_structure=\u00bb1_4,3_4&#8243; _builder_version=\u00bb4.27.5&#8243; _module_preset=\u00bbdefault\u00bb max_width=\u00bb80%\u00bb module_alignment=\u00bbcenter\u00bb hover_enabled=\u00bb0&#8243; global_colors_info=\u00bb{}\u00bb sticky_enabled=\u00bb0&#8243;][et_pb_column type=\u00bb1_4&#8243; _builder_version=\u00bb4.27.4&#8243; _module_preset=\u00bbdefault\u00bb custom_padding=\u00bb|9px||0px|false|false\u00bb border_color_all=\u00bbrgba(98,111,4,0.59)\u00bb border_width_right=\u00bb3px\u00bb global_colors_info=\u00bb{}\u00bb][et_pb_code _builder_version=\u00bb4.27.5&#8243; _module_preset=\u00bbdefault\u00bb text_orientation=\u00bbright\u00bb custom_margin=\u00bb0px||0px||true|false\u00bb custom_padding=\u00bb0px|0px|0px||true|false\u00bb hover_enabled=\u00bb0&#8243; global_colors_info=\u00bb{}\u00bb sticky_enabled=\u00bb0&#8243; min_height=\u00bb244.2px\u00bb]<a class=\"_df_thumb \"  href=\"#\"  data-slug=\"informe-2025\" data-_slug=\"informe-2025\" _slug=\"informe-2025\" data-title=\"informe-2025\" id=\"df_7269\" data-df-option=\"df_option_7269\" thumb=\"https:\/\/cddhnayarit.org\/en\/wp-content\/uploads\/2025\/12\/portada-informe-2025.jpg\"  >Informe 2025<\/a><script class=\"df-shortcode-script\" nowprocket type=\"application\/javascript\">window.df_option_7269 = {\"source\":\"https:\\\/\\\/cddhnayarit.org\\\/en\\\/wp-content\\\/uploads\\\/2025\\\/12\\\/INFORME-2025.pdf\",\"outline\":[],\"backgroundColor\":\"#C7C3C390\",\"autoEnableOutline\":false,\"autoEnableThumbnail\":false,\"overwritePDFOutline\":false,\"pageSize\":\"0\",\"direction\":\"1\",\"slug\":\"informe-2025\",\"wpOptions\":\"true\",\"id\":7269}; if(window.DFLIP && window.DFLIP.parseBooks){window.DFLIP.parseBooks();}<\/script>[\/et_pb_code][\/et_pb_column][et_pb_column type=\u00bb3_4&#8243; _builder_version=\u00bb4.27.4&#8243; _module_preset=\u00bbdefault\u00bb global_colors_info=\u00bb{}\u00bb][et_pb_text _builder_version=\u00bb4.27.4&#8243; _module_preset=\u00bbdefault\u00bb text_font=\u00bb&#8211;et_global_heading_font||||||||\u00bb text_font_size=\u00bb15px\u00bb width=\u00bb90%\u00bb module_alignment=\u00bbleft\u00bb custom_margin=\u00bb||17px|||\u00bb custom_padding=\u00bb0px|||26px||\u00bb global_colors_info=\u00bb{}\u00bb]<\/p>\n<p style=\"text-align: justify;\"><span>\u00a0La Comisi\u00f3n de Defensa de los Derechos Humanos para el Estado de Nayarit pone a disposici\u00f3n de la ciudadan\u00eda sus informes oficiales, los cuales reflejan de manera clara y detallada las acciones, avances y resultados obtenidos en el cumplimiento de su misi\u00f3n institucional.<\/span><\/p>\n<p style=\"text-align: justify;\"><span>Estos documentos pueden ser consultados o descargados libremente, y constituyen una herramienta fundamental para fortalecer la rendici\u00f3n de cuentas, la transparencia y el di\u00e1logo con la sociedad.<\/span><\/p>\n<p style=\"text-align: justify;\"><span>\ud83d\udcce <em>Accede a los informes disponibles y conoce el impacto del trabajo de la Comisi\u00f3n en la defensa de los derechos humanos en Nayarit.<\/em><\/span><\/p>\n<p>[\/et_pb_text][et_pb_text _builder_version=\u00bb4.27.4&#8243; _module_preset=\u00bbdefault\u00bb background_color=\u00bb#fcfcfc\u00bb custom_margin=\u00bb0px||||false|false\u00bb custom_padding=\u00bb12px|12px|12px|12px|true|true\u00bb border_radii=\u00bbon|5px|5px|5px|5px\u00bb box_shadow_style=\u00bbpreset2&#8243; global_colors_info=\u00bb{}\u00bb]<\/p>\n<div id=\"footable_parent_5502\"\n         class=\" footable_parent ninja_table_wrapper loading_ninja_table wp_table_data_press_parent semantic_ui \">\n                <table data-ninja_table_instance=\"ninja_table_instance_0\" data-footable_id=\"5502\" data-filter-delay=\"1000\" aria-label=\"Informes Presidencia\"            id=\"footable_5502\"\n           data-unique_identifier=\"ninja_table_unique_id_685630606_5502\"\n           class=\" foo-table ninja_footable foo_table_5502 ninja_table_unique_id_685630606_5502 ui table  nt_type_legacy_table selectable striped vertical_centered  footable-paging-right ninja_table_pro\">\n                <colgroup>\n                            <col class=\"ninja_column_0 \">\n                            <col class=\"ninja_column_1 \">\n                            <col class=\"ninja_column_2 \">\n                            <col class=\"ninja_column_3 \">\n                    <\/colgroup>\n        <thead>\n<tr class=\"footable-header\">\n                                                                        <th scope=\"col\"  class=\"ninja_column_0 ninja_clmn_nm_tipo \">Tipo<\/th><th scope=\"col\"  class=\"ninja_column_1 ninja_clmn_nm_ano \">A\u00f1o<\/th><th scope=\"col\"  class=\"ninja_column_2 ninja_clmn_nm_fechad_de_publicacion \">Fechad de Publicaci\u00f3n<\/th><th scope=\"col\"  class=\"ninja_column_3 ninja_clmn_nm_documento \">Documento<\/th><\/tr>\n<\/thead>\n<tbody>\n\n        <tr data-row_id=\"81\" class=\"ninja_table_row_0 nt_row_id_81\">\n            <td>Informe Anual 2024<\/td><td>2024<\/td><td>04 -diciembre 2024<\/td><td><a target=\"_blank\" download class=\"nt_btn nt_rounded_btn nt_force_download\" style=\"color: rgba(255, 255, 255, 1);background-color: rgba(98, 111, 4, 0.52);border-color: rgba(98, 111, 4, 0.52);\" rel=\"\" href=\"https:\/\/cddhnayarit.org\/docs\/2024\/informes\/informe_2024.pdf\">Descargar<\/a><\/td>        <\/tr>\n            <tr data-row_id=\"82\" class=\"ninja_table_row_1 nt_row_id_82\">\n            <td>Informe Anuel 2023<\/td><td>2023<\/td><td>05 - diciembre - 2023<\/td><td><a target=\"_blank\" download class=\"nt_btn nt_rounded_btn nt_force_download\" style=\"color: rgba(255, 255, 255, 1);background-color: rgba(98, 111, 4, 0.52);border-color: rgba(98, 111, 4, 0.52);\" rel=\"\" href=\"http:\/\/cddhnayarit.org\/docs\/2024\/informes\/informe_2023.pdf\">Descargar<\/a><\/td>        <\/tr>\n            <tr data-row_id=\"83\" class=\"ninja_table_row_2 nt_row_id_83\">\n            <td>Informe Anual 2022<\/td><td>2022<\/td><td>07 - diciembre - 2022<\/td><td><a target=\"_blank\" download class=\"nt_btn nt_rounded_btn nt_force_download\" style=\"color: rgba(255, 255, 255, 1);background-color: rgba(98, 111, 4, 0.52);border-color: rgba(98, 111, 4, 0.52);\" rel=\"\" href=\"http:\/\/cddhnayarit.org\/docs\/2024\/informes\/informe_2022.pdf\">Descargar<\/a><\/td>        <\/tr>\n            <tr data-row_id=\"84\" class=\"ninja_table_row_3 nt_row_id_84\">\n            <td>Informe Anual 2021<\/td><td>2021<\/td><td>08 - diciembre - 2021<\/td><td><a target=\"_blank\" download class=\"nt_btn nt_rounded_btn nt_force_download\" style=\"color: rgba(255, 255, 255, 1);background-color: rgba(98, 111, 4, 0.52);border-color: rgba(98, 111, 4, 0.52);\" rel=\"\" href=\"http:\/\/cddhnayarit.org\/docs\/2024\/informes\/Informe_2021.pdf\">Descargar<\/a><\/td>        <\/tr>\n            <tr data-row_id=\"85\" class=\"ninja_table_row_4 nt_row_id_85\">\n            <td>Informe Anual 2020<\/td><td>2020<\/td><td>09 - diciembre - 2020<\/td><td><a target=\"_blank\" download class=\"nt_btn nt_rounded_btn nt_force_download\" style=\"color: rgba(255, 255, 255, 1);background-color: rgba(98, 111, 4, 0.52);border-color: rgba(98, 111, 4, 0.52);\" rel=\"\" href=\"http:\/\/cddhnayarit.org\/docs\/2024\/informes\/informe_2020.pdf\">Descargar<\/a><\/td>        <\/tr>\n            <tr data-row_id=\"86\" class=\"ninja_table_row_5 nt_row_id_86\">\n            <td>Informe Anual 2019<\/td><td>2019<\/td><td>11 - diciembre - 2019<\/td><td><a target=\"_blank\" download class=\"nt_btn nt_rounded_btn nt_force_download\" style=\"color: rgba(255, 255, 255, 1);background-color: rgba(98, 111, 4, 0.52);border-color: rgba(98, 111, 4, 0.52);\" rel=\"\" href=\"http:\/\/cddhnayarit.org\/docs\/2024\/informes\/informe_2019.pdf\">Descargar<\/a><\/td>        <\/tr>\n            <tr data-row_id=\"87\" class=\"ninja_table_row_6 nt_row_id_87\">\n            <td>Informe Anual 2018<\/td><td>2018<\/td><td>12 - diciembre - 2018<\/td><td><a target=\"_blank\" download class=\"nt_btn nt_rounded_btn nt_force_download\" style=\"color: rgba(255, 255, 255, 1);background-color: rgba(98, 111, 4, 0.52);border-color: rgba(98, 111, 4, 0.52);\" rel=\"\" href=\"http:\/\/cddhnayarit.org\/docs\/2024\/informes\/informe_2018.pdf\">Descargar<\/a><\/td>        <\/tr>\n            <tr data-row_id=\"88\" class=\"ninja_table_row_7 nt_row_id_88\">\n            <td>Informe anual comit\u00e9 de transparencia<\/td><td>2024<\/td><td>Enero - 2025<\/td><td><a target=\"_blank\" download class=\"nt_btn nt_rounded_btn nt_force_download\" style=\"color: rgba(255, 255, 255, 1);background-color: rgba(98, 111, 4, 0.52);border-color: rgba(98, 111, 4, 0.52);\" rel=\"\" href=\"http:\/\/cddhnayarit.org\/docs\/2024\/transparencia\/33\/Informe_anual_comite_2024.pdf\">Descargar<\/a><\/td>        <\/tr>\n            <tr data-row_id=\"89\" class=\"ninja_table_row_8 nt_row_id_89\">\n            <td>Informe anual comit\u00e9 de transparencia<\/td><td>2023<\/td><td>Enero - 2024<\/td><td><a target=\"_blank\" download class=\"nt_btn nt_rounded_btn nt_force_download\" style=\"color: rgba(255, 255, 255, 1);background-color: rgba(98, 111, 4, 0.52);border-color: rgba(98, 111, 4, 0.52);\" rel=\"\" href=\"http:\/\/cddhnayarit.org\/docs\/2024\/transparencia\/33\/Informe%20anual%202023%20comite%20transp.pdf\">Descargar<\/a><\/td>        <\/tr>\n            <tr data-row_id=\"90\" class=\"ninja_table_row_9 nt_row_id_90\">\n            <td>Informe anual comit\u00e9 de transparencia<\/td><td>2022<\/td><td>Enero - 2023<\/td><td><a target=\"_blank\" download class=\"nt_btn nt_rounded_btn nt_force_download\" style=\"color: rgba(255, 255, 255, 1);background-color: rgba(98, 111, 4, 0.52);border-color: rgba(98, 111, 4, 0.52);\" rel=\"\" href=\"http:\/\/cddhnayarit.org\/docs\/2024\/transparencia\/33\/Informe%20anual%202022%20comite%20transp.pdf\">Descargar<\/a><\/td>        <\/tr>\n            <tr data-row_id=\"91\" class=\"ninja_table_row_10 nt_row_id_91\">\n            <td>Informes bimestrales<\/td><td>2024<\/td><td>enero - diciembre 2024<\/td><td><a target=\"_blank\" download class=\"nt_btn nt_rounded_btn nt_force_download\" style=\"color: rgba(255, 255, 255, 1);background-color: rgba(98, 111, 4, 0.52);border-color: rgba(98, 111, 4, 0.52);\" rel=\"\" href=\"http:\/\/cddhnayarit.org\/docs\/2024\/transparencia\/33\/primer%20informe%20bimestral%202024UT.pdf\">Descargar<\/a><\/td>        <\/tr>\n            <tr data-row_id=\"92\" class=\"ninja_table_row_11 nt_row_id_92\">\n            <td>Informes bimestrales<\/td><td>2023<\/td><td>Enero - diciembre 2023<\/td><td><a target=\"_blank\" download class=\"nt_btn nt_rounded_btn nt_force_download\" style=\"color: rgba(255, 255, 255, 1);background-color: rgba(98, 111, 4, 0.52);border-color: rgba(98, 111, 4, 0.52);\" rel=\"\" href=\"http:\/\/cddhnayarit.org\/docs\/2024\/transparencia\/33\/Informes%20Bimestral%202023%20UT.pdf\">Descargar<\/a><\/td>        <\/tr>\n            <tr data-row_id=\"93\" class=\"ninja_table_row_12 nt_row_id_93\">\n            <td>Informes bimestrales<\/td><td>2022<\/td><td>Enero - Diciembre 2022<\/td><td><a target=\"_blank\" download class=\"nt_btn nt_rounded_btn nt_force_download\" style=\"color: rgba(255, 255, 255, 1);background-color: rgba(98, 111, 4, 0.52);border-color: rgba(98, 111, 4, 0.52);\" rel=\"\" href=\"http:\/\/cddhnayarit.org\/docs\/2024\/transparencia\/33\/Informes%20Bimestral%202022%20UT.pdf\">Descargar<\/a><\/td>        <\/tr>\n            <tr data-row_id=\"425\" class=\"ninja_table_row_13 nt_row_id_425\">\n            <td>Informe Anual 2025<\/td><td>2025<\/td><td>11 - Diciembre - 2025<\/td><td><a target=\"_blank\" download class=\"nt_btn nt_rounded_btn nt_force_download\" style=\"color: rgba(255, 255, 255, 1);background-color: rgba(98, 111, 4, 0.52);border-color: rgba(98, 111, 4, 0.52);\" rel=\"\" href=\"https:\/\/cddhnayarit.org\/docs\/2025\/presidencia\/INFORME%202025.pdf\">Descargar<\/a><\/td>        <\/tr>\n    <\/tbody><!--ninja_tobody_rendering_done-->\n    <\/table>\n    \n    \n    \n<\/div>\n\n<p>[\/et_pb_text][\/et_pb_column][\/et_pb_row][\/et_pb_section]<\/p>\n","protected":false},"excerpt":{"rendered":"<p>Derechos Humanos\ud83d\udcca Informes Institucionales<a class=\"_df_thumb \"  href=\"#\"  data-slug=\"informe-2025\" data-_slug=\"informe-2025\" _slug=\"informe-2025\" data-title=\"informe-2025\" id=\"df_7269\" data-df-option=\"df_option_7269\" thumb=\"https:\/\/cddhnayarit.org\/en\/wp-content\/uploads\/2025\/12\/portada-informe-2025.jpg\"  >Informe 2025<\/a><script class=\"df-shortcode-script\" nowprocket type=\"application\/javascript\">window.df_option_7269 = {\"source\":\"https:\\\/\\\/cddhnayarit.org\\\/en\\\/wp-content\\\/uploads\\\/2025\\\/12\\\/INFORME-2025.pdf\",\"outline\":[],\"backgroundColor\":\"#C7C3C390\",\"autoEnableOutline\":false,\"autoEnableThumbnail\":false,\"overwritePDFOutline\":false,\"pageSize\":\"0\",\"direction\":\"1\",\"slug\":\"informe-2025\",\"wpOptions\":\"true\",\"id\":7269}; if(window.DFLIP && window.DFLIP.parseBooks){window.DFLIP.parseBooks();}<\/script>\u00a0La Comisi\u00f3n de Defensa de los Derechos Humanos para el Estado de Nayarit pone a disposici\u00f3n de la ciudadan\u00eda sus informes oficiales, los cuales reflejan de manera clara y detallada las acciones, avances y resultados obtenidos en el cumplimiento de su misi\u00f3n institucional. Estos documentos pueden ser consultados o descargados [&hellip;]<\/p>\n","protected":false},"author":1,"featured_media":0,"parent":0,"menu_order":0,"comment_status":"closed","ping_status":"closed","template":"","meta":{"_et_pb_use_builder":"on","_et_pb_old_content":"","_et_gb_content_width":"","inline_featured_image":false,"footnotes":""},"class_list":["post-5503","page","type-page","status-publish","hentry"],"_hostinger_reach_plugin_has_subscription_block":false,"_hostinger_reach_plugin_is_elementor":false,"_links":{"self":[{"href":"https:\/\/cddhnayarit.org\/en\/wp-json\/wp\/v2\/pages\/5503","targetHints":{"allow":["GET"]}}],"collection":[{"href":"https:\/\/cddhnayarit.org\/en\/wp-json\/wp\/v2\/pages"}],"about":[{"href":"https:\/\/cddhnayarit.org\/en\/wp-json\/wp\/v2\/types\/page"}],"author":[{"embeddable":true,"href":"https:\/\/cddhnayarit.org\/en\/wp-json\/wp\/v2\/users\/1"}],"replies":[{"embeddable":true,"href":"https:\/\/cddhnayarit.org\/en\/wp-json\/wp\/v2\/comments?post=5503"}],"version-history":[{"count":11,"href":"https:\/\/cddhnayarit.org\/en\/wp-json\/wp\/v2\/pages\/5503\/revisions"}],"predecessor-version":[{"id":7315,"href":"https:\/\/cddhnayarit.org\/en\/wp-json\/wp\/v2\/pages\/5503\/revisions\/7315"}],"wp:attachment":[{"href":"https:\/\/cddhnayarit.org\/en\/wp-json\/wp\/v2\/media?parent=5503"}],"curies":[{"name":"wp","href":"https:\/\/api.w.org\/{rel}","templated":true}]}}